{"id":2,"date":"2021-12-10T22:18:25","date_gmt":"2021-12-10T22:18:25","guid":{"rendered":"https:\/\/net-data.cl\/web.net-data\/?page_id=2"},"modified":"2022-06-13T17:31:59","modified_gmt":"2022-06-13T17:31:59","slug":"seguridad","status":"publish","type":"page","link":"https:\/\/net-data.cl\/web.net-data\/index.php\/seguridad\/","title":{"rendered":"Seguridad"},"content":{"rendered":"\n<p class=\"has-background\" style=\"background-color:#ebfffe\">Atendiendo la creciente necesidad de seguridad y los cambios en el tiempo para lograr satisfacer los requerimientos de nuestros clientes, ofrecemos equipos de ultima generaci\u00f3n para proteger y vigilar en tiempo real sus instalaciones.<\/p>\n\n\n\n<figure class=\"wp-block-image size-large\"><img loading=\"lazy\" decoding=\"async\" width=\"1024\" height=\"432\" src=\"https:\/\/net-data.cl\/web.net-data\/wp-content\/uploads\/2022\/06\/venta-instalacion-camaras-seguridad-1024x432.jpg\" alt=\"\" class=\"wp-image-194\" srcset=\"https:\/\/net-data.cl\/web.net-data\/wp-content\/uploads\/2022\/06\/venta-instalacion-camaras-seguridad-1024x432.jpg 1024w, https:\/\/net-data.cl\/web.net-data\/wp-content\/uploads\/2022\/06\/venta-instalacion-camaras-seguridad-300x127.jpg 300w, https:\/\/net-data.cl\/web.net-data\/wp-content\/uploads\/2022\/06\/venta-instalacion-camaras-seguridad-768x324.jpg 768w, https:\/\/net-data.cl\/web.net-data\/wp-content\/uploads\/2022\/06\/venta-instalacion-camaras-seguridad-1536x648.jpg 1536w, https:\/\/net-data.cl\/web.net-data\/wp-content\/uploads\/2022\/06\/venta-instalacion-camaras-seguridad.jpg 1920w\" sizes=\"auto, (max-width: 1024px) 100vw, 1024px\" \/><\/figure>\n\n\n\n<blockquote class=\"wp-block-quote is-layout-flow wp-block-quote-is-layout-flow\"><p>C\u00e1maras con Movimiento PTZ, reconocimiento facial, detecci\u00f3n de movimiento, alarmas con sensores perimetrales .<\/p><\/blockquote>\n\n\n\n<p><\/p>\n","protected":false},"excerpt":{"rendered":"<p>Atendiendo la creciente necesidad de seguridad y los cambios en el tiempo para lograr satisfacer los requerimientos de nuestros clientes, ofrecemos equipos de ultima generaci\u00f3n para proteger y vigilar en tiempo real sus instalaciones. C\u00e1maras con Movimiento PTZ, reconocimiento facial, detecci\u00f3n de movimiento, alarmas con sensores perimetrales .<\/p>\n","protected":false},"author":1,"featured_media":0,"parent":0,"menu_order":0,"comment_status":"closed","ping_status":"closed","template":"","meta":{"_joinchat":[],"footnotes":""},"class_list":["post-2","page","type-page","status-publish","hentry"],"yoast_head":"<!-- This site is optimized with the Yoast SEO plugin v21.1 - https:\/\/yoast.com\/wordpress\/plugins\/seo\/ -->\n<title>Seguridad - NET-DATA<\/title>\n<meta name=\"robots\" content=\"index, follow, max-snippet:-1, max-image-preview:large, max-video-preview:-1\" \/>\n<link rel=\"canonical\" href=\"https:\/\/net-data.cl\/web.net-data\/index.php\/seguridad\/\" \/>\n<meta property=\"og:locale\" content=\"es_ES\" \/>\n<meta property=\"og:type\" content=\"article\" \/>\n<meta property=\"og:title\" content=\"Seguridad - NET-DATA\" \/>\n<meta property=\"og:description\" content=\"Atendiendo la creciente necesidad de seguridad y los cambios en el tiempo para lograr satisfacer los requerimientos de nuestros clientes, ofrecemos equipos de ultima generaci\u00f3n para proteger y vigilar en tiempo real sus instalaciones. C\u00e1maras con Movimiento PTZ, reconocimiento facial, detecci\u00f3n de movimiento, alarmas con sensores perimetrales .\" \/>\n<meta property=\"og:url\" content=\"https:\/\/net-data.cl\/web.net-data\/index.php\/seguridad\/\" \/>\n<meta property=\"og:site_name\" content=\"NET-DATA\" \/>\n<meta property=\"article:modified_time\" content=\"2022-06-13T17:31:59+00:00\" \/>\n<meta property=\"og:image\" content=\"https:\/\/net-data.cl\/web.net-data\/wp-content\/uploads\/2022\/06\/venta-instalacion-camaras-seguridad-1024x432.jpg\" \/>\n<meta name=\"twitter:card\" content=\"summary_large_image\" \/>\n<meta name=\"twitter:label1\" content=\"Est. reading time\" \/>\n\t<meta name=\"twitter:data1\" content=\"1 minuto\" \/>\n<script type=\"application\/ld+json\" class=\"yoast-schema-graph\">{\"@context\":\"https:\/\/schema.org\",\"@graph\":[{\"@type\":\"WebPage\",\"@id\":\"https:\/\/net-data.cl\/web.net-data\/index.php\/seguridad\/\",\"url\":\"https:\/\/net-data.cl\/web.net-data\/index.php\/seguridad\/\",\"name\":\"Seguridad - NET-DATA\",\"isPartOf\":{\"@id\":\"https:\/\/net-data.cl\/web.net-data\/#website\"},\"datePublished\":\"2021-12-10T22:18:25+00:00\",\"dateModified\":\"2022-06-13T17:31:59+00:00\",\"breadcrumb\":{\"@id\":\"https:\/\/net-data.cl\/web.net-data\/index.php\/seguridad\/#breadcrumb\"},\"inLanguage\":\"es-CL\",\"potentialAction\":[{\"@type\":\"ReadAction\",\"target\":[\"https:\/\/net-data.cl\/web.net-data\/index.php\/seguridad\/\"]}]},{\"@type\":\"BreadcrumbList\",\"@id\":\"https:\/\/net-data.cl\/web.net-data\/index.php\/seguridad\/#breadcrumb\",\"itemListElement\":[{\"@type\":\"ListItem\",\"position\":1,\"name\":\"Portada\",\"item\":\"https:\/\/net-data.cl\/web.net-data\/\"},{\"@type\":\"ListItem\",\"position\":2,\"name\":\"Seguridad\"}]},{\"@type\":\"WebSite\",\"@id\":\"https:\/\/net-data.cl\/web.net-data\/#website\",\"url\":\"https:\/\/net-data.cl\/web.net-data\/\",\"name\":\"NET-DATA\",\"description\":\"NET-DATA\",\"publisher\":{\"@id\":\"https:\/\/net-data.cl\/web.net-data\/#organization\"},\"potentialAction\":[{\"@type\":\"SearchAction\",\"target\":{\"@type\":\"EntryPoint\",\"urlTemplate\":\"https:\/\/net-data.cl\/web.net-data\/?s={search_term_string}\"},\"query-input\":\"required name=search_term_string\"}],\"inLanguage\":\"es-CL\"},{\"@type\":\"Organization\",\"@id\":\"https:\/\/net-data.cl\/web.net-data\/#organization\",\"name\":\"NET-DATA\",\"url\":\"https:\/\/net-data.cl\/web.net-data\/\",\"logo\":{\"@type\":\"ImageObject\",\"inLanguage\":\"es-CL\",\"@id\":\"https:\/\/net-data.cl\/web.net-data\/#\/schema\/logo\/image\/\",\"url\":\"https:\/\/net-data.cl\/web.net-data\/wp-content\/uploads\/2021\/12\/cropped-logo-1.png\",\"contentUrl\":\"https:\/\/net-data.cl\/web.net-data\/wp-content\/uploads\/2021\/12\/cropped-logo-1.png\",\"width\":601,\"height\":423,\"caption\":\"NET-DATA\"},\"image\":{\"@id\":\"https:\/\/net-data.cl\/web.net-data\/#\/schema\/logo\/image\/\"}}]}<\/script>\n<!-- \/ Yoast SEO plugin. -->","yoast_head_json":{"title":"Seguridad - NET-DATA","robots":{"index":"index","follow":"follow","max-snippet":"max-snippet:-1","max-image-preview":"max-image-preview:large","max-video-preview":"max-video-preview:-1"},"canonical":"https:\/\/net-data.cl\/web.net-data\/index.php\/seguridad\/","og_locale":"es_ES","og_type":"article","og_title":"Seguridad - NET-DATA","og_description":"Atendiendo la creciente necesidad de seguridad y los cambios en el tiempo para lograr satisfacer los requerimientos de nuestros clientes, ofrecemos equipos de ultima generaci\u00f3n para proteger y vigilar en tiempo real sus instalaciones. C\u00e1maras con Movimiento PTZ, reconocimiento facial, detecci\u00f3n de movimiento, alarmas con sensores perimetrales .","og_url":"https:\/\/net-data.cl\/web.net-data\/index.php\/seguridad\/","og_site_name":"NET-DATA","article_modified_time":"2022-06-13T17:31:59+00:00","og_image":[{"url":"https:\/\/net-data.cl\/web.net-data\/wp-content\/uploads\/2022\/06\/venta-instalacion-camaras-seguridad-1024x432.jpg"}],"twitter_card":"summary_large_image","twitter_misc":{"Est. reading time":"1 minuto"},"schema":{"@context":"https:\/\/schema.org","@graph":[{"@type":"WebPage","@id":"https:\/\/net-data.cl\/web.net-data\/index.php\/seguridad\/","url":"https:\/\/net-data.cl\/web.net-data\/index.php\/seguridad\/","name":"Seguridad - NET-DATA","isPartOf":{"@id":"https:\/\/net-data.cl\/web.net-data\/#website"},"datePublished":"2021-12-10T22:18:25+00:00","dateModified":"2022-06-13T17:31:59+00:00","breadcrumb":{"@id":"https:\/\/net-data.cl\/web.net-data\/index.php\/seguridad\/#breadcrumb"},"inLanguage":"es-CL","potentialAction":[{"@type":"ReadAction","target":["https:\/\/net-data.cl\/web.net-data\/index.php\/seguridad\/"]}]},{"@type":"BreadcrumbList","@id":"https:\/\/net-data.cl\/web.net-data\/index.php\/seguridad\/#breadcrumb","itemListElement":[{"@type":"ListItem","position":1,"name":"Portada","item":"https:\/\/net-data.cl\/web.net-data\/"},{"@type":"ListItem","position":2,"name":"Seguridad"}]},{"@type":"WebSite","@id":"https:\/\/net-data.cl\/web.net-data\/#website","url":"https:\/\/net-data.cl\/web.net-data\/","name":"NET-DATA","description":"NET-DATA","publisher":{"@id":"https:\/\/net-data.cl\/web.net-data\/#organization"},"potentialAction":[{"@type":"SearchAction","target":{"@type":"EntryPoint","urlTemplate":"https:\/\/net-data.cl\/web.net-data\/?s={search_term_string}"},"query-input":"required name=search_term_string"}],"inLanguage":"es-CL"},{"@type":"Organization","@id":"https:\/\/net-data.cl\/web.net-data\/#organization","name":"NET-DATA","url":"https:\/\/net-data.cl\/web.net-data\/","logo":{"@type":"ImageObject","inLanguage":"es-CL","@id":"https:\/\/net-data.cl\/web.net-data\/#\/schema\/logo\/image\/","url":"https:\/\/net-data.cl\/web.net-data\/wp-content\/uploads\/2021\/12\/cropped-logo-1.png","contentUrl":"https:\/\/net-data.cl\/web.net-data\/wp-content\/uploads\/2021\/12\/cropped-logo-1.png","width":601,"height":423,"caption":"NET-DATA"},"image":{"@id":"https:\/\/net-data.cl\/web.net-data\/#\/schema\/logo\/image\/"}}]}},"_links":{"self":[{"href":"https:\/\/net-data.cl\/web.net-data\/index.php\/wp-json\/wp\/v2\/pages\/2","targetHints":{"allow":["GET"]}}],"collection":[{"href":"https:\/\/net-data.cl\/web.net-data\/index.php\/wp-json\/wp\/v2\/pages"}],"about":[{"href":"https:\/\/net-data.cl\/web.net-data\/index.php\/wp-json\/wp\/v2\/types\/page"}],"author":[{"embeddable":true,"href":"https:\/\/net-data.cl\/web.net-data\/index.php\/wp-json\/wp\/v2\/users\/1"}],"replies":[{"embeddable":true,"href":"https:\/\/net-data.cl\/web.net-data\/index.php\/wp-json\/wp\/v2\/comments?post=2"}],"version-history":[{"count":4,"href":"https:\/\/net-data.cl\/web.net-data\/index.php\/wp-json\/wp\/v2\/pages\/2\/revisions"}],"predecessor-version":[{"id":200,"href":"https:\/\/net-data.cl\/web.net-data\/index.php\/wp-json\/wp\/v2\/pages\/2\/revisions\/200"}],"wp:attachment":[{"href":"https:\/\/net-data.cl\/web.net-data\/index.php\/wp-json\/wp\/v2\/media?parent=2"}],"curies":[{"name":"wp","href":"https:\/\/api.w.org\/{rel}","templated":true}]}}